{"id":519,"date":"2024-03-07T12:22:19","date_gmt":"2024-03-07T12:22:19","guid":{"rendered":"https:\/\/jimmy.testsrv.co.za\/?page_id=519"},"modified":"2025-11-07T10:41:28","modified_gmt":"2025-11-07T10:41:28","slug":"packages","status":"publish","type":"page","link":"https:\/\/jimmysafaris.co.za\/es\/packages\/","title":{"rendered":"Paquetes"},"content":{"rendered":"<div data-elementor-type=\"wp-page\" data-elementor-id=\"519\" class=\"elementor elementor-519\" data-elementor-post-type=\"page\">\n\t\t\t\t<div class=\"elementor-element elementor-element-851648c e-flex e-con-boxed e-con e-parent\" data-id=\"851648c\" data-element_type=\"container\" data-e-type=\"container\" data-settings=\"{&quot;background_background&quot;:&quot;classic&quot;,&quot;shape_divider_top&quot;:&quot;wave-brush&quot;}\">\n\t\t\t\t\t<div class=\"e-con-inner\">\n\t\t\t\t<div class=\"elementor-shape elementor-shape-top\" aria-hidden=\"true\" data-negative=\"false\">\n\t\t\t<svg xmlns=\"http:\/\/www.w3.org\/2000\/svg\" viewbox=\"0 0 283.5 27.8\" preserveaspectratio=\"none\">\n\t<path class=\"elementor-shape-fill\" d=\"M283.5,9.7c0,0-7.3,4.3-14,4.6c-6.8,0.3-12.6,0-20.9-1.5c-11.3-2-33.1-10.1-44.7-5.7\ts-12.1,4.6-18,7.4c-6.6,3.2-20,9.6-36.6,9.3C131.6,23.5,99.5,7.2,86.3,8c-1.4,0.1-6.6,0.8-10.5,2c-3.8,1.2-9.4,3.8-17,4.7\tc-3.2,0.4-8.3,1.1-14.2,0.9c-1.5-0.1-6.3-0.4-12-1.6c-5.7-1.2-11-3.1-15.8-3.7C6.5,9.2,0,10.8,0,10.8V0h283.5V9.7z M260.8,11.3\tc-0.7-1-2-0.4-4.3-0.4c-2.3,0-6.1-1.2-5.8-1.1c0.3,0.1,3.1,1.5,6,1.9C259.7,12.2,261.4,12.3,260.8,11.3z M242.4,8.6\tc0,0-2.4-0.2-5.6-0.9c-3.2-0.8-10.3-2.8-15.1-3.5c-8.2-1.1-15.8,0-15.1,0.1c0.8,0.1,9.6-0.6,17.6,1.1c3.3,0.7,9.3,2.2,12.4,2.7\tC239.9,8.7,242.4,8.6,242.4,8.6z M185.2,8.5c1.7-0.7-13.3,4.7-18.5,6.1c-2.1,0.6-6.2,1.6-10,2c-3.9,0.4-8.9,0.4-8.8,0.5\tc0,0.2,5.8,0.8,11.2,0c5.4-0.8,5.2-1.1,7.6-1.6C170.5,14.7,183.5,9.2,185.2,8.5z M199.1,6.9c0.2,0-0.8-0.4-4.8,1.1\tc-4,1.5-6.7,3.5-6.9,3.7c-0.2,0.1,3.5-1.8,6.6-3C197,7.5,199,6.9,199.1,6.9z M283,6c-0.1,0.1-1.9,1.1-4.8,2.5s-6.9,2.8-6.7,2.7\tc0.2,0,3.5-0.6,7.4-2.5C282.8,6.8,283.1,5.9,283,6z M31.3,11.6c0.1-0.2-1.9-0.2-4.5-1.2s-5.4-1.6-7.8-2C15,7.6,7.3,8.5,7.7,8.6\tC8,8.7,15.9,8.3,20.2,9.3c2.2,0.5,2.4,0.5,5.7,1.6S31.2,11.9,31.3,11.6z M73,9.2c0.4-0.1,3.5-1.6,8.4-2.6c4.9-1.1,8.9-0.5,8.9-0.8\tc0-0.3-1-0.9-6.2-0.3S72.6,9.3,73,9.2z M71.6,6.7C71.8,6.8,75,5.4,77.3,5c2.3-0.3,1.9-0.5,1.9-0.6c0-0.1-1.1-0.2-2.7,0.2\tC74.8,5.1,71.4,6.6,71.6,6.7z M93.6,4.4c0.1,0.2,3.5,0.8,5.6,1.8c2.1,1,1.8,0.6,1.9,0.5c0.1-0.1-0.8-0.8-2.4-1.3\tC97.1,4.8,93.5,4.2,93.6,4.4z M65.4,11.1c-0.1,0.3,0.3,0.5,1.9-0.2s2.6-1.3,2.2-1.2s-0.9,0.4-2.5,0.8C65.3,10.9,65.5,10.8,65.4,11.1\tz M34.5,12.4c-0.2,0,2.1,0.8,3.3,0.9c1.2,0.1,2,0.1,2-0.2c0-0.3-0.1-0.5-1.6-0.4C36.6,12.8,34.7,12.4,34.5,12.4z M152.2,21.1\tc-0.1,0.1-2.4-0.3-7.5-0.3c-5,0-13.6-2.4-17.2-3.5c-3.6-1.1,10,3.9,16.5,4.1C150.5,21.6,152.3,21,152.2,21.1z\"\/>\n\t<path class=\"elementor-shape-fill\" d=\"M269.6,18c-0.1-0.1-4.6,0.3-7.2,0c-7.3-0.7-17-3.2-16.6-2.9c0.4,0.3,13.7,3.1,17,3.3\tC267.7,18.8,269.7,18,269.6,18z\"\/>\n\t<path class=\"elementor-shape-fill\" d=\"M227.4,9.8c-0.2-0.1-4.5-1-9.5-1.2c-5-0.2-12.7,0.6-12.3,0.5c0.3-0.1,5.9-1.8,13.3-1.2\tS227.6,9.9,227.4,9.8z\"\/>\n\t<path class=\"elementor-shape-fill\" d=\"M204.5,13.4c-0.1-0.1,2-1,3.2-1.1c1.2-0.1,2,0,2,0.3c0,0.3-0.1,0.5-1.6,0.4\tC206.4,12.9,204.6,13.5,204.5,13.4z\"\/>\n\t<path class=\"elementor-shape-fill\" d=\"M201,10.6c0-0.1-4.4,1.2-6.3,2.2c-1.9,0.9-6.2,3.1-6.1,3.1c0.1,0.1,4.2-1.6,6.3-2.6\tS201,10.7,201,10.6z\"\/>\n\t<path class=\"elementor-shape-fill\" d=\"M154.5,26.7c-0.1-0.1-4.6,0.3-7.2,0c-7.3-0.7-17-3.2-16.6-2.9c0.4,0.3,13.7,3.1,17,3.3\tC152.6,27.5,154.6,26.8,154.5,26.7z\"\/>\n\t<path class=\"elementor-shape-fill\" d=\"M41.9,19.3c0,0,1.2-0.3,2.9-0.1c1.7,0.2,5.8,0.9,8.2,0.7c4.2-0.4,7.4-2.7,7-2.6\tc-0.4,0-4.3,2.2-8.6,1.9c-1.8-0.1-5.1-0.5-6.7-0.4S41.9,19.3,41.9,19.3z\"\/>\n\t<path class=\"elementor-shape-fill\" d=\"M75.5,12.6c0.2,0.1,2-0.8,4.3-1.1c2.3-0.2,2.1-0.3,2.1-0.5c0-0.1-1.8-0.4-3.4,0\tC76.9,11.5,75.3,12.5,75.5,12.6z\"\/>\n\t<path class=\"elementor-shape-fill\" d=\"M15.6,13.2c0-0.1,4.3,0,6.7,0.5c2.4,0.5,5,1.9,5,2c0,0.1-2.7-0.8-5.1-1.4\tC19.9,13.7,15.7,13.3,15.6,13.2z\"\/>\n<\/svg>\t\t<\/div>\n\t\t\t\t<div class=\"elementor-element elementor-element-9c00269 elementor-widget elementor-widget-heading\" data-id=\"9c00269\" data-element_type=\"widget\" data-e-type=\"widget\" data-widget_type=\"heading.default\">\n\t\t\t\t<div class=\"elementor-widget-container\">\n\t\t\t\t\t<h2 class=\"elementor-heading-title elementor-size-default\">Paquetes<\/h2>\t\t\t\t<\/div>\n\t\t\t\t<\/div>\n\t\t\t\t\t<\/div>\n\t\t\t\t<\/div>\n\t\t<div class=\"elementor-element elementor-element-2ec6e20 e-flex e-con-boxed e-con e-parent\" data-id=\"2ec6e20\" data-element_type=\"container\" data-e-type=\"container\" data-settings=\"{&quot;shape_divider_top&quot;:&quot;wave-brush&quot;,&quot;shape_divider_bottom&quot;:&quot;wave-brush&quot;}\">\n\t\t\t\t\t<div class=\"e-con-inner\">\n\t\t\t\t<div class=\"elementor-shape elementor-shape-top\" aria-hidden=\"true\" data-negative=\"false\">\n\t\t\t<svg xmlns=\"http:\/\/www.w3.org\/2000\/svg\" viewbox=\"0 0 283.5 27.8\" preserveaspectratio=\"none\">\n\t<path class=\"elementor-shape-fill\" d=\"M283.5,9.7c0,0-7.3,4.3-14,4.6c-6.8,0.3-12.6,0-20.9-1.5c-11.3-2-33.1-10.1-44.7-5.7\ts-12.1,4.6-18,7.4c-6.6,3.2-20,9.6-36.6,9.3C131.6,23.5,99.5,7.2,86.3,8c-1.4,0.1-6.6,0.8-10.5,2c-3.8,1.2-9.4,3.8-17,4.7\tc-3.2,0.4-8.3,1.1-14.2,0.9c-1.5-0.1-6.3-0.4-12-1.6c-5.7-1.2-11-3.1-15.8-3.7C6.5,9.2,0,10.8,0,10.8V0h283.5V9.7z M260.8,11.3\tc-0.7-1-2-0.4-4.3-0.4c-2.3,0-6.1-1.2-5.8-1.1c0.3,0.1,3.1,1.5,6,1.9C259.7,12.2,261.4,12.3,260.8,11.3z M242.4,8.6\tc0,0-2.4-0.2-5.6-0.9c-3.2-0.8-10.3-2.8-15.1-3.5c-8.2-1.1-15.8,0-15.1,0.1c0.8,0.1,9.6-0.6,17.6,1.1c3.3,0.7,9.3,2.2,12.4,2.7\tC239.9,8.7,242.4,8.6,242.4,8.6z M185.2,8.5c1.7-0.7-13.3,4.7-18.5,6.1c-2.1,0.6-6.2,1.6-10,2c-3.9,0.4-8.9,0.4-8.8,0.5\tc0,0.2,5.8,0.8,11.2,0c5.4-0.8,5.2-1.1,7.6-1.6C170.5,14.7,183.5,9.2,185.2,8.5z M199.1,6.9c0.2,0-0.8-0.4-4.8,1.1\tc-4,1.5-6.7,3.5-6.9,3.7c-0.2,0.1,3.5-1.8,6.6-3C197,7.5,199,6.9,199.1,6.9z M283,6c-0.1,0.1-1.9,1.1-4.8,2.5s-6.9,2.8-6.7,2.7\tc0.2,0,3.5-0.6,7.4-2.5C282.8,6.8,283.1,5.9,283,6z M31.3,11.6c0.1-0.2-1.9-0.2-4.5-1.2s-5.4-1.6-7.8-2C15,7.6,7.3,8.5,7.7,8.6\tC8,8.7,15.9,8.3,20.2,9.3c2.2,0.5,2.4,0.5,5.7,1.6S31.2,11.9,31.3,11.6z M73,9.2c0.4-0.1,3.5-1.6,8.4-2.6c4.9-1.1,8.9-0.5,8.9-0.8\tc0-0.3-1-0.9-6.2-0.3S72.6,9.3,73,9.2z M71.6,6.7C71.8,6.8,75,5.4,77.3,5c2.3-0.3,1.9-0.5,1.9-0.6c0-0.1-1.1-0.2-2.7,0.2\tC74.8,5.1,71.4,6.6,71.6,6.7z M93.6,4.4c0.1,0.2,3.5,0.8,5.6,1.8c2.1,1,1.8,0.6,1.9,0.5c0.1-0.1-0.8-0.8-2.4-1.3\tC97.1,4.8,93.5,4.2,93.6,4.4z M65.4,11.1c-0.1,0.3,0.3,0.5,1.9-0.2s2.6-1.3,2.2-1.2s-0.9,0.4-2.5,0.8C65.3,10.9,65.5,10.8,65.4,11.1\tz M34.5,12.4c-0.2,0,2.1,0.8,3.3,0.9c1.2,0.1,2,0.1,2-0.2c0-0.3-0.1-0.5-1.6-0.4C36.6,12.8,34.7,12.4,34.5,12.4z M152.2,21.1\tc-0.1,0.1-2.4-0.3-7.5-0.3c-5,0-13.6-2.4-17.2-3.5c-3.6-1.1,10,3.9,16.5,4.1C150.5,21.6,152.3,21,152.2,21.1z\"\/>\n\t<path class=\"elementor-shape-fill\" d=\"M269.6,18c-0.1-0.1-4.6,0.3-7.2,0c-7.3-0.7-17-3.2-16.6-2.9c0.4,0.3,13.7,3.1,17,3.3\tC267.7,18.8,269.7,18,269.6,18z\"\/>\n\t<path class=\"elementor-shape-fill\" d=\"M227.4,9.8c-0.2-0.1-4.5-1-9.5-1.2c-5-0.2-12.7,0.6-12.3,0.5c0.3-0.1,5.9-1.8,13.3-1.2\tS227.6,9.9,227.4,9.8z\"\/>\n\t<path class=\"elementor-shape-fill\" d=\"M204.5,13.4c-0.1-0.1,2-1,3.2-1.1c1.2-0.1,2,0,2,0.3c0,0.3-0.1,0.5-1.6,0.4\tC206.4,12.9,204.6,13.5,204.5,13.4z\"\/>\n\t<path class=\"elementor-shape-fill\" d=\"M201,10.6c0-0.1-4.4,1.2-6.3,2.2c-1.9,0.9-6.2,3.1-6.1,3.1c0.1,0.1,4.2-1.6,6.3-2.6\tS201,10.7,201,10.6z\"\/>\n\t<path class=\"elementor-shape-fill\" d=\"M154.5,26.7c-0.1-0.1-4.6,0.3-7.2,0c-7.3-0.7-17-3.2-16.6-2.9c0.4,0.3,13.7,3.1,17,3.3\tC152.6,27.5,154.6,26.8,154.5,26.7z\"\/>\n\t<path class=\"elementor-shape-fill\" d=\"M41.9,19.3c0,0,1.2-0.3,2.9-0.1c1.7,0.2,5.8,0.9,8.2,0.7c4.2-0.4,7.4-2.7,7-2.6\tc-0.4,0-4.3,2.2-8.6,1.9c-1.8-0.1-5.1-0.5-6.7-0.4S41.9,19.3,41.9,19.3z\"\/>\n\t<path class=\"elementor-shape-fill\" d=\"M75.5,12.6c0.2,0.1,2-0.8,4.3-1.1c2.3-0.2,2.1-0.3,2.1-0.5c0-0.1-1.8-0.4-3.4,0\tC76.9,11.5,75.3,12.5,75.5,12.6z\"\/>\n\t<path class=\"elementor-shape-fill\" d=\"M15.6,13.2c0-0.1,4.3,0,6.7,0.5c2.4,0.5,5,1.9,5,2c0,0.1-2.7-0.8-5.1-1.4\tC19.9,13.7,15.7,13.3,15.6,13.2z\"\/>\n<\/svg>\t\t<\/div>\n\t\t\t\t<div class=\"elementor-shape elementor-shape-bottom\" aria-hidden=\"true\" data-negative=\"false\">\n\t\t\t<svg xmlns=\"http:\/\/www.w3.org\/2000\/svg\" viewbox=\"0 0 283.5 27.8\" preserveaspectratio=\"none\">\n\t<path class=\"elementor-shape-fill\" d=\"M283.5,9.7c0,0-7.3,4.3-14,4.6c-6.8,0.3-12.6,0-20.9-1.5c-11.3-2-33.1-10.1-44.7-5.7\ts-12.1,4.6-18,7.4c-6.6,3.2-20,9.6-36.6,9.3C131.6,23.5,99.5,7.2,86.3,8c-1.4,0.1-6.6,0.8-10.5,2c-3.8,1.2-9.4,3.8-17,4.7\tc-3.2,0.4-8.3,1.1-14.2,0.9c-1.5-0.1-6.3-0.4-12-1.6c-5.7-1.2-11-3.1-15.8-3.7C6.5,9.2,0,10.8,0,10.8V0h283.5V9.7z M260.8,11.3\tc-0.7-1-2-0.4-4.3-0.4c-2.3,0-6.1-1.2-5.8-1.1c0.3,0.1,3.1,1.5,6,1.9C259.7,12.2,261.4,12.3,260.8,11.3z M242.4,8.6\tc0,0-2.4-0.2-5.6-0.9c-3.2-0.8-10.3-2.8-15.1-3.5c-8.2-1.1-15.8,0-15.1,0.1c0.8,0.1,9.6-0.6,17.6,1.1c3.3,0.7,9.3,2.2,12.4,2.7\tC239.9,8.7,242.4,8.6,242.4,8.6z M185.2,8.5c1.7-0.7-13.3,4.7-18.5,6.1c-2.1,0.6-6.2,1.6-10,2c-3.9,0.4-8.9,0.4-8.8,0.5\tc0,0.2,5.8,0.8,11.2,0c5.4-0.8,5.2-1.1,7.6-1.6C170.5,14.7,183.5,9.2,185.2,8.5z M199.1,6.9c0.2,0-0.8-0.4-4.8,1.1\tc-4,1.5-6.7,3.5-6.9,3.7c-0.2,0.1,3.5-1.8,6.6-3C197,7.5,199,6.9,199.1,6.9z M283,6c-0.1,0.1-1.9,1.1-4.8,2.5s-6.9,2.8-6.7,2.7\tc0.2,0,3.5-0.6,7.4-2.5C282.8,6.8,283.1,5.9,283,6z M31.3,11.6c0.1-0.2-1.9-0.2-4.5-1.2s-5.4-1.6-7.8-2C15,7.6,7.3,8.5,7.7,8.6\tC8,8.7,15.9,8.3,20.2,9.3c2.2,0.5,2.4,0.5,5.7,1.6S31.2,11.9,31.3,11.6z M73,9.2c0.4-0.1,3.5-1.6,8.4-2.6c4.9-1.1,8.9-0.5,8.9-0.8\tc0-0.3-1-0.9-6.2-0.3S72.6,9.3,73,9.2z M71.6,6.7C71.8,6.8,75,5.4,77.3,5c2.3-0.3,1.9-0.5,1.9-0.6c0-0.1-1.1-0.2-2.7,0.2\tC74.8,5.1,71.4,6.6,71.6,6.7z M93.6,4.4c0.1,0.2,3.5,0.8,5.6,1.8c2.1,1,1.8,0.6,1.9,0.5c0.1-0.1-0.8-0.8-2.4-1.3\tC97.1,4.8,93.5,4.2,93.6,4.4z M65.4,11.1c-0.1,0.3,0.3,0.5,1.9-0.2s2.6-1.3,2.2-1.2s-0.9,0.4-2.5,0.8C65.3,10.9,65.5,10.8,65.4,11.1\tz M34.5,12.4c-0.2,0,2.1,0.8,3.3,0.9c1.2,0.1,2,0.1,2-0.2c0-0.3-0.1-0.5-1.6-0.4C36.6,12.8,34.7,12.4,34.5,12.4z M152.2,21.1\tc-0.1,0.1-2.4-0.3-7.5-0.3c-5,0-13.6-2.4-17.2-3.5c-3.6-1.1,10,3.9,16.5,4.1C150.5,21.6,152.3,21,152.2,21.1z\"\/>\n\t<path class=\"elementor-shape-fill\" d=\"M269.6,18c-0.1-0.1-4.6,0.3-7.2,0c-7.3-0.7-17-3.2-16.6-2.9c0.4,0.3,13.7,3.1,17,3.3\tC267.7,18.8,269.7,18,269.6,18z\"\/>\n\t<path class=\"elementor-shape-fill\" d=\"M227.4,9.8c-0.2-0.1-4.5-1-9.5-1.2c-5-0.2-12.7,0.6-12.3,0.5c0.3-0.1,5.9-1.8,13.3-1.2\tS227.6,9.9,227.4,9.8z\"\/>\n\t<path class=\"elementor-shape-fill\" d=\"M204.5,13.4c-0.1-0.1,2-1,3.2-1.1c1.2-0.1,2,0,2,0.3c0,0.3-0.1,0.5-1.6,0.4\tC206.4,12.9,204.6,13.5,204.5,13.4z\"\/>\n\t<path class=\"elementor-shape-fill\" d=\"M201,10.6c0-0.1-4.4,1.2-6.3,2.2c-1.9,0.9-6.2,3.1-6.1,3.1c0.1,0.1,4.2-1.6,6.3-2.6\tS201,10.7,201,10.6z\"\/>\n\t<path class=\"elementor-shape-fill\" d=\"M154.5,26.7c-0.1-0.1-4.6,0.3-7.2,0c-7.3-0.7-17-3.2-16.6-2.9c0.4,0.3,13.7,3.1,17,3.3\tC152.6,27.5,154.6,26.8,154.5,26.7z\"\/>\n\t<path class=\"elementor-shape-fill\" d=\"M41.9,19.3c0,0,1.2-0.3,2.9-0.1c1.7,0.2,5.8,0.9,8.2,0.7c4.2-0.4,7.4-2.7,7-2.6\tc-0.4,0-4.3,2.2-8.6,1.9c-1.8-0.1-5.1-0.5-6.7-0.4S41.9,19.3,41.9,19.3z\"\/>\n\t<path class=\"elementor-shape-fill\" d=\"M75.5,12.6c0.2,0.1,2-0.8,4.3-1.1c2.3-0.2,2.1-0.3,2.1-0.5c0-0.1-1.8-0.4-3.4,0\tC76.9,11.5,75.3,12.5,75.5,12.6z\"\/>\n\t<path class=\"elementor-shape-fill\" d=\"M15.6,13.2c0-0.1,4.3,0,6.7,0.5c2.4,0.5,5,1.9,5,2c0,0.1-2.7-0.8-5.1-1.4\tC19.9,13.7,15.7,13.3,15.6,13.2z\"\/>\n<\/svg>\t\t<\/div>\n\t\t\t\t<div class=\"elementor-element elementor-element-6a124c6 elementor-widget elementor-widget-heading\" data-id=\"6a124c6\" data-element_type=\"widget\" data-e-type=\"widget\" data-widget_type=\"heading.default\">\n\t\t\t\t<div class=\"elementor-widget-container\">\n\t\t\t\t\t<h2 class=\"elementor-heading-title elementor-size-default\">Hunting Packages 2025<\/h2>\t\t\t\t<\/div>\n\t\t\t\t<\/div>\n\t\t\t\t<div class=\"elementor-element elementor-element-bfa42c5 bdt-item-match-height--yes bdt-navigation-type-arrows bdt-carousel-style-carousel elementor-widget elementor-widget-bdt-static-carousel\" data-id=\"bfa42c5\" data-element_type=\"widget\" data-e-type=\"widget\" data-widget_type=\"bdt-static-carousel.default\">\n\t\t\t\t<div class=\"elementor-widget-container\">\n\t\t\t\t\t\t\t<div id=\"bdt-static-carousel-bfa42c5\" class=\"bdt-arrows-align-center bdt-static-carousel\" data-settings=\"{&quot;autoplay&quot;:{&quot;delay&quot;:5000,&quot;disableOnInteraction&quot;:false},&quot;loop&quot;:true,&quot;speed&quot;:500,&quot;pauseOnHover&quot;:true,&quot;slidesPerView&quot;:1,&quot;slidesPerGroup&quot;:1,&quot;centeredSlides&quot;:true,&quot;effect&quot;:&quot;carousel&quot;,&quot;breakpoints&quot;:{&quot;767&quot;:{&quot;slidesPerView&quot;:2,&quot;spaceBetween&quot;:0,&quot;slidesPerGroup&quot;:1},&quot;1023&quot;:{&quot;slidesPerView&quot;:3,&quot;spaceBetween&quot;:35,&quot;slidesPerGroup&quot;:1}},&quot;navigation&quot;:{&quot;nextEl&quot;:&quot;#bdt-static-carousel-bfa42c5 .bdt-navigation-next&quot;,&quot;prevEl&quot;:&quot;#bdt-static-carousel-bfa42c5 .bdt-navigation-prev&quot;},&quot;pagination&quot;:{&quot;el&quot;:&quot;#bdt-static-carousel-bfa42c5 .swiper-pagination&quot;,&quot;type&quot;:&quot;&quot;,&quot;clickable&quot;:&quot;true&quot;,&quot;dynamicBullets&quot;:false},&quot;scrollbar&quot;:{&quot;el&quot;:&quot;#bdt-static-carousel-bfa42c5 .swiper-scrollbar&quot;,&quot;hide&quot;:&quot;true&quot;},&quot;coverflowEffect&quot;:{&quot;rotate&quot;:50,&quot;stretch&quot;:0,&quot;depth&quot;:100,&quot;modifier&quot;:1,&quot;slideShadows&quot;:true}}\">\n\t\t\t<div class=\"swiper-carousel swiper\" role=\"region\" aria-roledescription=\"carousel\" aria-label=\"Static Carousel\" dir=\"ltr\">\n\t\t\t\t<div class=\"swiper-wrapper\">\n\t\t\t\t\t\t\t\t\t\t<div class=\"bdt-ep-static-carousel-item swiper-slide\">\n\t\t\t\t\t\t<div class=\"bdt-flex bdt-ep-static-carousel-image\">\n\t\t\t<img decoding=\"async\" width=\"172\" height=\"250\" src=\"https:\/\/jimmysafaris.co.za\/wp-content\/uploads\/2024\/02\/smal.png\" class=\"attachment-full size-full\" alt=\"7 Days\" \/>\t\t\t\t\t<\/div>\n\t\t\t\t\t\t<div class=\"bdt-ep-static-carousel-content\">\n\t\t\t\t\t\t\t\t\t\t<h3 class=\"bdt-ep-static-carousel-sub-title\">\n\t\t\t\tSpotted Hyena\t\t\t<\/h3>\n\t\t\t\t\t\t\t\t\t\t\t\t\t\t<h4 class=\"bdt-ep-static-carousel-title ep-title-\">\n\t\t\t\t7 Days\t\t\t\t\t\t\t<\/h4>\n\t\t\t\t\t\t\t\t\t\t\t<div class=\"bdt-ep-static-carousel-text\">\n\t\t\t<h3><strong>$8 500<\/strong><\/h3><p>El paquete incluye:<\/p><ul><li>Spotted Hyena<\/li><li>Alojamiento para 1 persona<\/li><li>Recogida en el aeropuerto Polokwane<\/li><\/ul><p>No incluye pasajes a\u00e9reos, taxidermia, env\u00edo, d\u00edas extra ni licores fuertes.<\/p>\t\t<\/div>\n\t\t\t\t\t\t\t\t\t\t\t<\/div>\n\t\t\t\t\t\t\t<\/div>\n\t\t\t\t\t\t\t\t<div class=\"bdt-ep-static-carousel-item swiper-slide\">\n\t\t\t\t\t\t<div class=\"bdt-flex bdt-ep-static-carousel-image bdt-flex bdt-ep-static-carousel-image\">\n\t\t\t<img decoding=\"async\" width=\"172\" height=\"250\" src=\"https:\/\/jimmysafaris.co.za\/wp-content\/uploads\/2024\/02\/smal.png\" class=\"attachment-full size-full\" alt=\" Buffalo Hunting\" \/>\t\t\t\t\t<\/div>\n\t\t\t\t\t\t<div class=\"bdt-ep-static-carousel-content\">\n\t\t\t\t\t\t\t\t\t\t<h3 class=\"bdt-ep-static-carousel-sub-title\">\n\t\t\t\t7 Days\t\t\t<\/h3>\n\t\t\t\t\t\t\t\t\t\t\t\t\t\t<h4 class=\"bdt-ep-static-carousel-title ep-title-\">\n\t\t\t\t Caza de b\u00fafalos\t\t\t\t\t\t\t<\/h4>\n\t\t\t\t\t\t\t\t\t\t\t<div class=\"bdt-ep-static-carousel-text\">\n\t\t\t<h3><strong>$15 700<br \/><\/strong><\/h3><p>El paquete incluye:<\/p><ul><li>Cape Buffalo<\/li><li>Alojamiento para 1 persona<\/li><li>Recogida en el aeropuerto Polokwane<\/li><\/ul><p>No incluye pasajes a\u00e9reos, taxidermia, env\u00edo, d\u00edas extra ni licores fuertes.<\/p>\t\t<\/div>\n\t\t\t\t\t\t\t\t\t\t\t<\/div>\n\t\t\t\t\t\t\t<\/div>\n\t\t\t\t\t\t\t\t<div class=\"bdt-ep-static-carousel-item swiper-slide\">\n\t\t\t\t\t\t<div class=\"bdt-flex bdt-ep-static-carousel-image bdt-flex bdt-ep-static-carousel-image bdt-flex bdt-ep-static-carousel-image\">\n\t\t\t<img decoding=\"async\" width=\"172\" height=\"250\" src=\"https:\/\/jimmysafaris.co.za\/wp-content\/uploads\/2024\/02\/smal.png\" class=\"attachment-full size-full\" alt=\"Hippo Hunting\" \/>\t\t\t\t\t<\/div>\n\t\t\t\t\t\t<div class=\"bdt-ep-static-carousel-content\">\n\t\t\t\t\t\t\t\t\t\t<h3 class=\"bdt-ep-static-carousel-sub-title\">\n\t\t\t\t7 Days\t\t\t<\/h3>\n\t\t\t\t\t\t\t\t\t\t\t\t\t\t<h4 class=\"bdt-ep-static-carousel-title ep-title-\">\n\t\t\t\tHippo Hunting\t\t\t\t\t\t\t<\/h4>\n\t\t\t\t\t\t\t\t\t\t\t<div class=\"bdt-ep-static-carousel-text\">\n\t\t\t<h3><strong>$13 800<br \/><\/strong><\/h3><p>El paquete incluye:<\/p><ul><li>Hippo<\/li><li>Alojamiento para 1 persona<\/li><li>Recogida en el aeropuerto Polokwane<\/li><\/ul><p>No incluye pasajes a\u00e9reos, taxidermia, env\u00edo, d\u00edas extra ni licores fuertes.<\/p>\t\t<\/div>\n\t\t\t\t\t\t\t\t\t\t\t<\/div>\n\t\t\t\t\t\t\t<\/div>\n\t\t\t\t\t\t\t\t<div class=\"bdt-ep-static-carousel-item swiper-slide\">\n\t\t\t\t\t\t<div class=\"bdt-flex bdt-ep-static-carousel-image bdt-flex bdt-ep-static-carousel-image bdt-flex bdt-ep-static-carousel-image bdt-flex bdt-ep-static-carousel-image\">\n\t\t\t<img loading=\"lazy\" decoding=\"async\" width=\"172\" height=\"250\" src=\"https:\/\/jimmysafaris.co.za\/wp-content\/uploads\/2024\/02\/smal.png\" class=\"attachment-full size-full\" alt=\"10 Days\" \/>\t\t\t\t\t<\/div>\n\t\t\t\t\t\t<div class=\"bdt-ep-static-carousel-content\">\n\t\t\t\t\t\t\t\t\t\t<h3 class=\"bdt-ep-static-carousel-sub-title\">\n\t\t\t\tCaza nocturna de bichos\t\t\t<\/h3>\n\t\t\t\t\t\t\t\t\t\t\t\t\t\t<h4 class=\"bdt-ep-static-carousel-title ep-title-\">\n\t\t\t\t10 dias\t\t\t\t\t\t\t<\/h4>\n\t\t\t\t\t\t\t\t\t\t\t<div class=\"bdt-ep-static-carousel-text\">\n\t\t\t<h3><strong>$10 800<\/strong><\/h3><p>El paquete incluye:<\/p><ul><li>Serval Cat<\/li><li>Jackal<\/li><li>Bushpig<\/li><li>Genet Cat<\/li><li>Porcupine<\/li><li>Honey Badger<\/li><li>Alojamiento para 1 persona<\/li><li>Recogida en el aeropuerto Polokwane<\/li><\/ul><p>No incluye pasajes a\u00e9reos, taxidermia, env\u00edo, d\u00edas extra ni licores fuertes.<\/p>\t\t<\/div>\n\t\t\t\t\t\t\t\t\t\t\t<\/div>\n\t\t\t\t\t\t\t<\/div>\n\t\t\t\t\t\t\t\t<div class=\"bdt-ep-static-carousel-item swiper-slide\">\n\t\t\t\t\t\t<div class=\"bdt-flex bdt-ep-static-carousel-image bdt-flex bdt-ep-static-carousel-image bdt-flex bdt-ep-static-carousel-image bdt-flex bdt-ep-static-carousel-image bdt-flex bdt-ep-static-carousel-image\">\n\t\t\t<img loading=\"lazy\" decoding=\"async\" width=\"172\" height=\"250\" src=\"https:\/\/jimmysafaris.co.za\/wp-content\/uploads\/2024\/02\/smal.png\" class=\"attachment-full size-full\" alt=\"5 Days Plains Game Hunting\" \/>\t\t\t\t\t<\/div>\n\t\t\t\t\t\t<div class=\"bdt-ep-static-carousel-content\">\n\t\t\t\t\t\t\t\t\t\t<h3 class=\"bdt-ep-static-carousel-sub-title\">\n\t\t\t\tCaza de las llanuras\t\t\t<\/h3>\n\t\t\t\t\t\t\t\t\t\t\t\t\t\t<h4 class=\"bdt-ep-static-carousel-title ep-title-\">\n\t\t\t\t5 Days Plains Game Hunting\t\t\t\t\t\t\t<\/h4>\n\t\t\t\t\t\t\t\t\t\t\t<div class=\"bdt-ep-static-carousel-text\">\n\t\t\t<h3><strong>$3 700<\/strong><\/h3><p>El paquete incluye:<\/p><ul><li>Zebra<\/li><li>Impala<\/li><li>Duiker<\/li><li>Night Hunt<\/li><li>Alojamiento para 1 persona<\/li><li>Recogida en el aeropuerto Polokwane<\/li><\/ul><p>No incluye pasajes a\u00e9reos, taxidermia, env\u00edo, d\u00edas extra ni licores fuertes.<\/p>\t\t<\/div>\n\t\t\t\t\t\t\t\t\t\t\t<\/div>\n\t\t\t\t\t\t\t<\/div>\n\t\t\t\t\t\t\t\t<div class=\"bdt-ep-static-carousel-item swiper-slide\">\n\t\t\t\t\t\t<div class=\"bdt-flex bdt-ep-static-carousel-image bdt-flex bdt-ep-static-carousel-image bdt-flex bdt-ep-static-carousel-image bdt-flex bdt-ep-static-carousel-image bdt-flex bdt-ep-static-carousel-image bdt-flex bdt-ep-static-carousel-image\">\n\t\t\t<img loading=\"lazy\" decoding=\"async\" width=\"172\" height=\"250\" src=\"https:\/\/jimmysafaris.co.za\/wp-content\/uploads\/2024\/02\/smal.png\" class=\"attachment-full size-full\" alt=\"5 Days Plains Game Hunting\" \/>\t\t\t\t\t<\/div>\n\t\t\t\t\t\t<div class=\"bdt-ep-static-carousel-content\">\n\t\t\t\t\t\t\t\t\t\t<h3 class=\"bdt-ep-static-carousel-sub-title\">\n\t\t\t\tCaza de las llanuras\t\t\t<\/h3>\n\t\t\t\t\t\t\t\t\t\t\t\t\t\t<h4 class=\"bdt-ep-static-carousel-title ep-title-\">\n\t\t\t\t5 Days Plains Game Hunting\t\t\t\t\t\t\t<\/h4>\n\t\t\t\t\t\t\t\t\t\t\t<div class=\"bdt-ep-static-carousel-text\">\n\t\t\t<h3><strong>$5 700<br \/><\/strong><\/h3><p>El paquete incluye:<\/p><ul><li>Nyala<\/li><li>Blesbuck<\/li><li>Impala<\/li><li>Duiker<\/li><li>Alojamiento para 1 persona<\/li><li>Recogida en el aeropuerto Polokwane<\/li><\/ul><p>No incluye pasajes a\u00e9reos, taxidermia, env\u00edo, d\u00edas extra ni licores fuertes.<\/p>\t\t<\/div>\n\t\t\t\t\t\t\t\t\t\t\t<\/div>\n\t\t\t\t\t\t\t<\/div>\n\t\t\t\t\t\t\t\t<div class=\"bdt-ep-static-carousel-item swiper-slide\">\n\t\t\t\t\t\t<div class=\"bdt-flex bdt-ep-static-carousel-image bdt-flex bdt-ep-static-carousel-image bdt-flex bdt-ep-static-carousel-image bdt-flex bdt-ep-static-carousel-image bdt-flex bdt-ep-static-carousel-image bdt-flex bdt-ep-static-carousel-image bdt-flex bdt-ep-static-carousel-image\">\n\t\t\t<img loading=\"lazy\" decoding=\"async\" width=\"172\" height=\"250\" src=\"https:\/\/jimmysafaris.co.za\/wp-content\/uploads\/2024\/02\/smal.png\" class=\"attachment-full size-full\" alt=\"5 Days Plains Game Hunting\" \/>\t\t\t\t\t<\/div>\n\t\t\t\t\t\t<div class=\"bdt-ep-static-carousel-content\">\n\t\t\t\t\t\t\t\t\t\t<h3 class=\"bdt-ep-static-carousel-sub-title\">\n\t\t\t\t5 Plains Game\t\t\t<\/h3>\n\t\t\t\t\t\t\t\t\t\t\t\t\t\t<h4 class=\"bdt-ep-static-carousel-title ep-title-\">\n\t\t\t\t5 Days Plains Game Hunting\t\t\t\t\t\t\t<\/h4>\n\t\t\t\t\t\t\t\t\t\t\t<div class=\"bdt-ep-static-carousel-text\">\n\t\t\t<h3><strong>$7 900<br \/><\/strong><\/h3><p>El paquete incluye:<\/p><ul><li>Nyala<\/li><li>Waterbuck<\/li><li>Blue Wildebeest<\/li><li>Zebra<\/li><li>Blesbuck<\/li><li>Impala<\/li><li>Duiker<\/li><li>Alojamiento para 1 persona<\/li><li>Recogida en el aeropuerto Polokwane<\/li><\/ul><p>No incluye pasajes a\u00e9reos, taxidermia, env\u00edo, d\u00edas extra ni licores fuertes.<\/p>\t\t<\/div>\n\t\t\t\t\t\t\t\t\t\t\t<\/div>\n\t\t\t\t\t\t\t<\/div>\n\t\t\t\t\t\t\t\t<div class=\"bdt-ep-static-carousel-item swiper-slide\">\n\t\t\t\t\t\t<div class=\"bdt-flex bdt-ep-static-carousel-image bdt-flex bdt-ep-static-carousel-image bdt-flex bdt-ep-static-carousel-image bdt-flex bdt-ep-static-carousel-image bdt-flex bdt-ep-static-carousel-image bdt-flex bdt-ep-static-carousel-image bdt-flex bdt-ep-static-carousel-image bdt-flex bdt-ep-static-carousel-image\">\n\t\t\t<img loading=\"lazy\" decoding=\"async\" width=\"172\" height=\"250\" src=\"https:\/\/jimmysafaris.co.za\/wp-content\/uploads\/2024\/02\/smal.png\" class=\"attachment-full size-full\" alt=\"5 Days Plains Game Hunting\" \/>\t\t\t\t\t<\/div>\n\t\t\t\t\t\t<div class=\"bdt-ep-static-carousel-content\">\n\t\t\t\t\t\t\t\t\t\t<h3 class=\"bdt-ep-static-carousel-sub-title\">\n\t\t\t\tGolpe en espiral\t\t\t<\/h3>\n\t\t\t\t\t\t\t\t\t\t\t\t\t\t<h4 class=\"bdt-ep-static-carousel-title ep-title-\">\n\t\t\t\t5 Days Plains Game Hunting\t\t\t\t\t\t\t<\/h4>\n\t\t\t\t\t\t\t\t\t\t\t<div class=\"bdt-ep-static-carousel-text\">\n\t\t\t<h3><strong>$14 000<br \/><\/strong><\/h3><p>El paquete incluye:<\/p><ul><li>Kudu<\/li><li>Eland<\/li><li>Nyala<\/li><li>Bushbuck<\/li><li>Alojamiento para 1 persona<\/li><li>Recogida en el aeropuerto Polokwane<\/li><\/ul><p>No incluye pasajes a\u00e9reos, taxidermia, env\u00edo, d\u00edas extra ni licores fuertes.<\/p>\t\t<\/div>\n\t\t\t\t\t\t\t\t\t\t\t<\/div>\n\t\t\t\t\t\t\t<\/div>\n\t\t\t\t\t\t<\/div>\n\t\t\t\t<\/div>\n\n\t\t\t\t\t\t\t\t\t\t\t<div class=\"bdt-position-z-index bdt-position-center bdt-visible@m\">\n\t\t\t\t<div class=\"bdt-arrows-container bdt-slidenav-container\">\n\t\t\t\t\t<div class=\"bdt-navigation-prev bdt-slidenav-previous bdt-icon bdt-slidenav\">\n\t\t\t\t\t\t<i class=\"ep-icon-arrow-left-2\" aria-hidden=\"true\"><\/i>\n\t\t\t\t\t<\/div>\n\t\t\t\t\t<div class=\"bdt-navigation-next bdt-slidenav-next bdt-icon bdt-slidenav\">\n\t\t\t\t\t\t<i class=\"ep-icon-arrow-right-2\" aria-hidden=\"true\"><\/i>\n\t\t\t\t\t<\/div>\n\t\t\t\t<\/div>\n\t\t\t<\/div>\n\t\t\t\t\n\t\t<\/div>\n\n\t\t\t\t<\/div>\n\t\t\t\t<\/div>\n\t\t\t\t\t<\/div>\n\t\t\t\t<\/div>\n\t\t\t\t<\/div>","protected":false},"excerpt":{"rendered":"<p>Packages Hunting Packages 2025 Spotted Hyena 7 Days $8 500 Package Includes: Spotted Hyena Accommodation for 1 person Airport pickup Polokwane Excludes airfare, taxidermy, shipping, extra days &amp; hard liquor 7 Days Buffalo Hunting $15 700 Package Includes: Cape Buffalo Accommodation for 1 person Airport pickup Polokwane Excludes airfare, taxidermy, shipping, extra days &amp; hard [&hellip;]<\/p>\n","protected":false},"author":1,"featured_media":0,"parent":0,"menu_order":0,"comment_status":"closed","ping_status":"closed","template":"","meta":{"footnotes":""},"class_list":["post-519","page","type-page","status-publish","hentry"],"_links":{"self":[{"href":"https:\/\/jimmysafaris.co.za\/es\/wp-json\/wp\/v2\/pages\/519","targetHints":{"allow":["GET"]}}],"collection":[{"href":"https:\/\/jimmysafaris.co.za\/es\/wp-json\/wp\/v2\/pages"}],"about":[{"href":"https:\/\/jimmysafaris.co.za\/es\/wp-json\/wp\/v2\/types\/page"}],"author":[{"embeddable":true,"href":"https:\/\/jimmysafaris.co.za\/es\/wp-json\/wp\/v2\/users\/1"}],"replies":[{"embeddable":true,"href":"https:\/\/jimmysafaris.co.za\/es\/wp-json\/wp\/v2\/comments?post=519"}],"version-history":[{"count":61,"href":"https:\/\/jimmysafaris.co.za\/es\/wp-json\/wp\/v2\/pages\/519\/revisions"}],"predecessor-version":[{"id":2272,"href":"https:\/\/jimmysafaris.co.za\/es\/wp-json\/wp\/v2\/pages\/519\/revisions\/2272"}],"wp:attachment":[{"href":"https:\/\/jimmysafaris.co.za\/es\/wp-json\/wp\/v2\/media?parent=519"}],"curies":[{"name":"wp","href":"https:\/\/api.w.org\/{rel}","templated":true}]}}